

{"id":2533,"date":"2023-11-24T08:19:42","date_gmt":"2023-11-24T08:19:42","guid":{"rendered":"https:\/\/craterre.org\/?page_id=2533"},"modified":"2024-04-16T12:27:32","modified_gmt":"2024-04-16T12:27:32","slug":"chaire-unesco","status":"publish","type":"page","link":"https:\/\/craterre.org\/en\/partenaires\/chaire-unesco\/","title":{"rendered":"Unesco Chair"},"content":{"rendered":"<div class=\"fusion-fullwidth fullwidth-box fusion-builder-row-1 fusion-flex-container nonhundred-percent-fullwidth non-hundred-percent-height-scrolling\" style=\"--awb-border-radius-top-left:0px;--awb-border-radius-top-right:0px;--awb-border-radius-bottom-right:0px;--awb-border-radius-bottom-left:0px;--awb-flex-wrap:wrap;\" ><div class=\"fusion-builder-row fusion-row fusion-flex-align-items-flex-start fusion-flex-content-wrap\" style=\"max-width:1331.2px;margin-left: calc(-4% \/ 2 );margin-right: calc(-4% \/ 2 );\"><div class=\"fusion-layout-column fusion_builder_column fusion-builder-column-0 fusion_builder_column_1_1 1_1 fusion-flex-column\" style=\"--awb-bg-size:cover;--awb-width-large:100%;--awb-margin-top-large:0px;--awb-spacing-right-large:1.92%;--awb-margin-bottom-large:0px;--awb-spacing-left-large:1.92%;--awb-width-medium:100%;--awb-spacing-right-medium:1.92%;--awb-spacing-left-medium:1.92%;--awb-width-small:100%;--awb-spacing-right-small:1.92%;--awb-spacing-left-small:1.92%;\"><div class=\"fusion-column-wrapper fusion-flex-justify-content-flex-start fusion-content-layout-column\"><div class=\"fusion-text fusion-text-1 fusion-text-no-margin\" style=\"--awb-font-size:24px;--awb-text-color:var(--awb-color6);\"><p><strong>The UNESCO Chair \"Earthen Architectures, Constructive Cultures and Sustainable Development\",<\/strong><\/p>\n<\/div><div class=\"fusion-text fusion-text-2\" style=\"--awb-font-size:var(--awb-custom_typography_1-font-size);--awb-text-color:var(--awb-color8);\"><p><strong>was inaugurated in October 1998 at the Grenoble School of Architecture, on the initiative of the CRAterre-ENSAG laboratory, in collaboration with UNESCO's Higher Education Division. It is managed by the laboratory as a center of excellence.<\/strong><\/p>\n<\/div><div class=\"fusion-text fusion-text-3\"><p>The essential vocation of this UNESCO Chair is to accelerate the dissemination, within the international community, of scientific and technical knowledge on earthen architecture in two areas:<\/p>\n<ul>\n<li>environment and world heritage ;<\/li>\n<li>environment, human settlements-habitat.<\/li>\n<\/ul>\n<p>The aim of this Chair is to facilitate the implementation of teaching, research, experimentation and communication activities within partner institutions of higher education, scientific research and professional training, on an international scale.<\/p>\n<p>It aims to expand the training of trainers, define curricula for the bachelor's, master's and post-master's cycles, and facilitate the development of doctoral research (theses, PhDs).<\/p>\n<p>40 partners, 23 countries<\/p>\n<\/div><div class=\"fusion-text fusion-text-4 hide\"><p><strong>AFRIQUE (6)<\/strong><\/p>\n<ul>\n<li><strong>Afrique du Sud<\/strong>. Earth Unit (UE), Department of Architecture, University Free State<\/li>\n<li><strong>Algeria<\/strong>. Centre Alg\u00e9rien du Patrimoine Culturel B\u00e2ti en terre ( CAPTerre )<\/li>\n<li><strong>Angola<\/strong>. D\u00e9partement d\u2019architecture de l\u2019Universit\u00e9 de Lusiada<\/li>\n<li><strong>Morocco<\/strong>. CERKAS de Ouarzazate<\/li>\n<li><strong>Morocco<\/strong>. Ecole Nationale d\u2019Architecture de Rabat et de Marrakech, et les unit\u00e9s r\u00e9gionale de Fes et T\u00e9touan en association avec le Centre de recherche PATerre<\/li>\n<li><strong>R. D. Congo<\/strong>. AMICOR, Amicale des autoconstructeurs ruraux<\/li>\n<\/ul>\n<p><strong>AMERIQUE LATINE (19)<\/strong><\/p>\n<ul>\n<li><strong>Argentine<\/strong>. CRIATIC-FAU-UNT, Centro Regional de Investigaciones de Arquitectura de Tierra Cruda &#8211; Facultad de Arquitectura y Urbanismo Universidad Nacional de Tucum\u00e1n<\/li>\n<li><strong>Argentine<\/strong>. Instituto de Arte Americano e Investigaciones Est\u00e9ticas \u201cMario J. Buschiazzo\u201d, Facultad de Arquitectura, Dise\u00f1o y Urbanismo, Universidad de Buenos Aires, Argentina<\/li>\n<li><strong>Br\u00e9sil<\/strong>. Universidade metodista de piracicaba \u2013 faculdade de engenharia, arquitetura e urbanismo<\/li>\n<li><strong>Chili<\/strong>. Escuela de Arquitectura, Universidad Cat\u00f3lica del Norte<\/li>\n<li><strong>Chili<\/strong>. Facultad de Arquitectura, Construcci\u00f3n y Dise\u00f1o, Universidad del B\u00edo-B\u00edo<\/li>\n<li><strong>Chili<\/strong>. Fundacion Joffre<\/li>\n<li><strong>Chili<\/strong>. Universidad Arturo Prat<\/li>\n<li><strong>Chili<\/strong>. Universidad de Concepci\u00f3n<\/li>\n<li><strong>Chili<\/strong>. Universidad de la Serena<\/li>\n<li><strong>Chili<\/strong>. Universidad de Santiago<\/li>\n<li><strong>Chili<\/strong>. Universidad de Talca<\/li>\n<li><strong>Chili<\/strong>. Universidad Tecnica Federico Santa Mar\u00eda<\/li>\n<li><strong>Colombia<\/strong>. Universidad Nacional Colombia,\u00a0 Facultad de Arquitectura, Santa Fe de Bogota<\/li>\n<li><strong>Colombia<\/strong>. Universidad Pontificia Bolivariana de Medellin<\/li>\n<li><strong>Mexique<\/strong>.\u00a0 CIPTEV, Centro de Investigaci\u00f3n y Producci\u00f3n de Tecnolog\u00eda Ecologica para la Vivienda<\/li>\n<li><strong>Mexique<\/strong>.\u00a0 FADU\/UAT\/Tampico\/M\u00e9xico<\/li>\n<li><strong>Mexique<\/strong>.\u00a0 Universidad autonoma Metropolitana, Unidad Xochimilco<\/li>\n<li><strong>Mexique<\/strong>. ITESO, instituto Tecnologico de Estudios Superiores de Occidente, Asociacion civil<\/li>\n<li><strong>P\u00e9rou<\/strong>. PUCP\/Pontificia Universidad Catolica del Peru<\/li>\n<li><strong>Uruguay<\/strong>. Universidad de la Republica-Departamento de Arquitectura Regional Norte, Salto<\/li>\n<\/ul>\n<p><strong>EUROPE (7)<\/strong><\/p>\n<ul>\n<li><strong>Autriche<\/strong>. BASEHabitat<\/li>\n<li><strong>Espagne<\/strong>. Escuela t\u00e9cnica superior de arquitectura, universitat polit\u00e8cnica de val\u00e8ncia<\/li>\n<li><strong>France<\/strong>. Association CRAterre<\/li>\n<li><strong>France<\/strong>. Laboratoire CRAterre-ENSAG. Centre d\u2019excellence de la Chaire UNESCO Architecture de terre<\/li>\n<li><strong>Italie<\/strong>. UNICA, D\u00e9partement d\u2019Architecture de la Facult\u00e9 d\u2019Ing\u00e9nierie de l\u2019Universit\u00e9 des Etudes de Cagliari<\/li>\n<li><strong>Portugal<\/strong>. ESG\/ Escola Superior Gallaecia<\/li>\n<li><strong>Royaume Uni<\/strong>. Earth Building UK and Ireland (EBUKI)<\/li>\n<\/ul>\n<p><strong>ASIE (8)<\/strong><\/p>\n<ul>\n<li><strong>Chine<\/strong>. Beijing University of Civil Engineering and Architecture (BUCEA).<\/li>\n<li><strong>Chine<\/strong>. Universit\u00e9 d&rsquo;architecture et technologie de Xi&rsquo;an, Wang Shu<\/li>\n<li><strong>Cor\u00e9e<\/strong>.Department of Architecture, Mokpo National University (DOA-MNU), Mokpo; TERRAKorea Institut de la Construction en terre de Cor\u00e9e, Mokpo<\/li>\n<li><strong>Inde<\/strong>. Auroville Earth Institute<\/li>\n<li><strong>Inde<\/strong>. SECMOL<\/li>\n<li><strong>Iran<\/strong>. ICHTO<\/li>\n<li><strong>Iran<\/strong>. University of Art, Tehran , IRAN<\/li>\n<li><strong>Iran<\/strong>. Vernacular Architecture Research Center (VARC) Universit\u00e9 de Yazd<\/li>\n<\/ul>\n<p><strong>Les membres honoraires sont :<\/strong><\/p>\n<ul>\n<li>HERINGER Anna<\/li>\n<li>RAUCH Martin<\/li>\n<li>GAUZIN MULLER Dominique<\/li>\n<li>KEABLE Rowland<\/li>\n<\/ul>\n<\/div><div class=\"fusion-text fusion-text-5\" style=\"--awb-content-alignment:left;--awb-font-size:var(--awb-typography2-font-size);--awb-text-color:var(--awb-color6);\"><p><strong>For more information<\/strong><\/p>\n<\/div><div class=\"fusion-text fusion-text-6\"><ul>\n<li><strong><a href=\"http:\/\/terra.hypotheses.org\/\" target=\"_blank\" rel=\"noopener\">Blog of the UNESCO Chair in Earthen Architectures, Constructive Cultures and Sustainable Development<\/a><\/strong><\/li>\n<li><a href=\"\/wp-content\/uploads\/2023\/11\/craterre_2013_07_presentationchaireeng_hgbrmc.pdf\"><strong>PowerPoint 2013 presentation<\/strong><\/a><\/li>\n<li><a href=\"\/wp-content\/uploads\/2023\/11\/rapport_chaire_unesco_2011.pdf\"><strong>Activity report 2011<\/strong><\/a><\/li>\n<li><a href=\"\/wp-content\/uploads\/2023\/11\/chaire_bilan_2002_2009_perspective_2010_2014.pdf\"><strong>Review of operations 2002-2009 and development prospects 2010-2014<\/strong><\/a><\/li>\n<\/ul>\n<ul>\n<li><strong><a href=\"http:\/\/www.unesco.org\/en\/university-twinning-and-networking\/\" target=\"_blank\" rel=\"noopener\">Access to the UNITWIN \/ UNESCO Chairs website<\/a><\/strong><\/li>\n<\/ul>\n<\/div><\/div><\/div><\/div><\/div>","protected":false},"excerpt":{"rendered":"","protected":false},"author":1,"featured_media":0,"parent":2530,"menu_order":0,"comment_status":"closed","ping_status":"closed","template":"","meta":{"footnotes":""},"yoast_head":"<!-- This site is optimized with the Yoast SEO plugin v21.2 - https:\/\/yoast.com\/wordpress\/plugins\/seo\/ -->\n<title>Chaire UNESCO - CRAterre<\/title>\n<meta name=\"robots\" content=\"index, follow, max-snippet:-1, max-image-preview:large, max-video-preview:-1\" \/>\n<link rel=\"canonical\" href=\"https:\/\/craterre.org\/en\/partenaires\/chaire-unesco\/\" \/>\n<meta property=\"og:locale\" content=\"en_US\" \/>\n<meta property=\"og:type\" content=\"article\" \/>\n<meta property=\"og:title\" content=\"Chaire UNESCO - CRAterre\" \/>\n<meta property=\"og:url\" content=\"https:\/\/craterre.org\/en\/partenaires\/chaire-unesco\/\" \/>\n<meta property=\"og:site_name\" content=\"CRAterre\" \/>\n<meta property=\"article:publisher\" content=\"https:\/\/www.facebook.com\/centrecraterre\" \/>\n<meta property=\"article:modified_time\" content=\"2024-04-16T12:27:32+00:00\" \/>\n<meta name=\"twitter:card\" content=\"summary_large_image\" \/>\n<meta name=\"twitter:label1\" content=\"Est. reading time\" \/>\n\t<meta name=\"twitter:data1\" content=\"5 minutes\" \/>\n<script type=\"application\/ld+json\" class=\"yoast-schema-graph\">{\"@context\":\"https:\/\/schema.org\",\"@graph\":[{\"@type\":\"WebPage\",\"@id\":\"https:\/\/craterre.org\/partenaires\/chaire-unesco\/\",\"url\":\"https:\/\/craterre.org\/partenaires\/chaire-unesco\/\",\"name\":\"Chaire UNESCO - CRAterre\",\"isPartOf\":{\"@id\":\"https:\/\/craterre.org\/#website\"},\"datePublished\":\"2023-11-24T08:19:42+00:00\",\"dateModified\":\"2024-04-16T12:27:32+00:00\",\"breadcrumb\":{\"@id\":\"https:\/\/craterre.org\/partenaires\/chaire-unesco\/#breadcrumb\"},\"inLanguage\":\"en-US\",\"potentialAction\":[{\"@type\":\"ReadAction\",\"target\":[\"https:\/\/craterre.org\/partenaires\/chaire-unesco\/\"]}]},{\"@type\":\"BreadcrumbList\",\"@id\":\"https:\/\/craterre.org\/partenaires\/chaire-unesco\/#breadcrumb\",\"itemListElement\":[{\"@type\":\"ListItem\",\"position\":1,\"name\":\"Partenaires\",\"item\":\"https:\/\/craterre.org\/partenaires\/\"},{\"@type\":\"ListItem\",\"position\":2,\"name\":\"Chaire UNESCO\"}]},{\"@type\":\"WebSite\",\"@id\":\"https:\/\/craterre.org\/#website\",\"url\":\"https:\/\/craterre.org\/\",\"name\":\"CRAterre\",\"description\":\"\",\"publisher\":{\"@id\":\"https:\/\/craterre.org\/#organization\"},\"potentialAction\":[{\"@type\":\"SearchAction\",\"target\":{\"@type\":\"EntryPoint\",\"urlTemplate\":\"https:\/\/craterre.org\/?s={search_term_string}\"},\"query-input\":\"required name=search_term_string\"}],\"inLanguage\":\"en-US\"},{\"@type\":\"Organization\",\"@id\":\"https:\/\/craterre.org\/#organization\",\"name\":\"CRAterre\",\"url\":\"https:\/\/craterre.org\/\",\"logo\":{\"@type\":\"ImageObject\",\"inLanguage\":\"en-US\",\"@id\":\"https:\/\/craterre.org\/#\/schema\/logo\/image\/\",\"url\":\"https:\/\/craterre.org\/wp-content\/uploads\/2024\/04\/CRAterre-logo-indiv.png\",\"contentUrl\":\"https:\/\/craterre.org\/wp-content\/uploads\/2024\/04\/CRAterre-logo-indiv.png\",\"width\":1618,\"height\":661,\"caption\":\"CRAterre\"},\"image\":{\"@id\":\"https:\/\/craterre.org\/#\/schema\/logo\/image\/\"},\"sameAs\":[\"https:\/\/www.facebook.com\/centrecraterre\"]}]}<\/script>\n<!-- \/ Yoast SEO plugin. -->","yoast_head_json":{"title":"Chaire UNESCO - CRAterre","robots":{"index":"index","follow":"follow","max-snippet":"max-snippet:-1","max-image-preview":"max-image-preview:large","max-video-preview":"max-video-preview:-1"},"canonical":"https:\/\/craterre.org\/en\/partenaires\/chaire-unesco\/","og_locale":"en_US","og_type":"article","og_title":"Chaire UNESCO - CRAterre","og_url":"https:\/\/craterre.org\/en\/partenaires\/chaire-unesco\/","og_site_name":"CRAterre","article_publisher":"https:\/\/www.facebook.com\/centrecraterre","article_modified_time":"2024-04-16T12:27:32+00:00","twitter_card":"summary_large_image","twitter_misc":{"Est. reading time":"5 minutes"},"schema":{"@context":"https:\/\/schema.org","@graph":[{"@type":"WebPage","@id":"https:\/\/craterre.org\/partenaires\/chaire-unesco\/","url":"https:\/\/craterre.org\/partenaires\/chaire-unesco\/","name":"Chaire UNESCO - CRAterre","isPartOf":{"@id":"https:\/\/craterre.org\/#website"},"datePublished":"2023-11-24T08:19:42+00:00","dateModified":"2024-04-16T12:27:32+00:00","breadcrumb":{"@id":"https:\/\/craterre.org\/partenaires\/chaire-unesco\/#breadcrumb"},"inLanguage":"en-US","potentialAction":[{"@type":"ReadAction","target":["https:\/\/craterre.org\/partenaires\/chaire-unesco\/"]}]},{"@type":"BreadcrumbList","@id":"https:\/\/craterre.org\/partenaires\/chaire-unesco\/#breadcrumb","itemListElement":[{"@type":"ListItem","position":1,"name":"Partenaires","item":"https:\/\/craterre.org\/partenaires\/"},{"@type":"ListItem","position":2,"name":"Chaire UNESCO"}]},{"@type":"WebSite","@id":"https:\/\/craterre.org\/#website","url":"https:\/\/craterre.org\/","name":"\u200eCRAterre","description":"","publisher":{"@id":"https:\/\/craterre.org\/#organization"},"potentialAction":[{"@type":"SearchAction","target":{"@type":"EntryPoint","urlTemplate":"https:\/\/craterre.org\/?s={search_term_string}"},"query-input":"required name=search_term_string"}],"inLanguage":"en-US"},{"@type":"Organization","@id":"https:\/\/craterre.org\/#organization","name":"\u200eCRAterre","url":"https:\/\/craterre.org\/","logo":{"@type":"ImageObject","inLanguage":"en-US","@id":"https:\/\/craterre.org\/#\/schema\/logo\/image\/","url":"https:\/\/craterre.org\/wp-content\/uploads\/2024\/04\/CRAterre-logo-indiv.png","contentUrl":"https:\/\/craterre.org\/wp-content\/uploads\/2024\/04\/CRAterre-logo-indiv.png","width":1618,"height":661,"caption":"CRAterre"},"image":{"@id":"https:\/\/craterre.org\/#\/schema\/logo\/image\/"},"sameAs":["https:\/\/www.facebook.com\/centrecraterre"]}]}},"_links":{"self":[{"href":"https:\/\/craterre.org\/en\/wp-json\/wp\/v2\/pages\/2533"}],"collection":[{"href":"https:\/\/craterre.org\/en\/wp-json\/wp\/v2\/pages"}],"about":[{"href":"https:\/\/craterre.org\/en\/wp-json\/wp\/v2\/types\/page"}],"author":[{"embeddable":true,"href":"https:\/\/craterre.org\/en\/wp-json\/wp\/v2\/users\/1"}],"replies":[{"embeddable":true,"href":"https:\/\/craterre.org\/en\/wp-json\/wp\/v2\/comments?post=2533"}],"version-history":[{"count":8,"href":"https:\/\/craterre.org\/en\/wp-json\/wp\/v2\/pages\/2533\/revisions"}],"predecessor-version":[{"id":4449,"href":"https:\/\/craterre.org\/en\/wp-json\/wp\/v2\/pages\/2533\/revisions\/4449"}],"up":[{"embeddable":true,"href":"https:\/\/craterre.org\/en\/wp-json\/wp\/v2\/pages\/2530"}],"wp:attachment":[{"href":"https:\/\/craterre.org\/en\/wp-json\/wp\/v2\/media?parent=2533"}],"curies":[{"name":"wp","href":"https:\/\/api.w.org\/{rel}","templated":true}]}}