

{"id":2491,"date":"2023-11-10T12:33:31","date_gmt":"2023-11-10T12:33:31","guid":{"rendered":"https:\/\/craterre.org\/?page_id=2491"},"modified":"2024-03-22T15:18:01","modified_gmt":"2024-03-22T15:18:01","slug":"patrimoine-mondial-en-terre","status":"publish","type":"page","link":"https:\/\/craterre.org\/en\/patrimoine-mondial-en-terre\/","title":{"rendered":"Patrimoine Mondial en terre"},"content":{"rendered":"<p><div class=\"fusion-fullwidth fullwidth-box fusion-builder-row-1 fusion-flex-container nonhundred-percent-fullwidth non-hundred-percent-height-scrolling\" style=\"--awb-border-radius-top-left:0px;--awb-border-radius-top-right:0px;--awb-border-radius-bottom-right:0px;--awb-border-radius-bottom-left:0px;--awb-flex-wrap:wrap;\" ><div class=\"fusion-builder-row fusion-row fusion-flex-align-items-flex-start fusion-flex-content-wrap\" style=\"max-width:1331.2px;margin-left: calc(-4% \/ 2 );margin-right: calc(-4% \/ 2 );\"><div class=\"fusion-layout-column fusion_builder_column fusion-builder-column-0 fusion_builder_column_1_1 1_1 fusion-flex-column\" style=\"--awb-bg-size:cover;--awb-width-large:100%;--awb-margin-top-large:0px;--awb-spacing-right-large:1.92%;--awb-margin-bottom-large:0px;--awb-spacing-left-large:1.92%;--awb-width-medium:100%;--awb-spacing-right-medium:1.92%;--awb-spacing-left-medium:1.92%;--awb-width-small:100%;--awb-spacing-right-small:1.92%;--awb-spacing-left-small:1.92%;\"><div class=\"fusion-column-wrapper fusion-flex-justify-content-flex-start fusion-content-layout-column\"><div class=\"fusion-text fusion-text-1\"><h3>Programme du Patrimoine Mondial sur l&rsquo;architecture de Terre<\/h3>\n<p>L&rsquo;architecture en terre constitue l&rsquo;une des plus puissantes expressions de la capacit\u00e9 humaine \u00e0 cr\u00e9er un environnement b\u00e2ti en employant des ressources disponibles localement. L&rsquo;architecture de terre est menac\u00e9e par les catastrophes naturelles, par l&rsquo;influence de l&rsquo;industrialisation et de l&rsquo;usage inappropri\u00e9 de technologies modernes ainsi que par la disparition des pratiques traditionnelles de conservation. Mais il faut \u00e9galement rappeler que ces derni\u00e8res ann\u00e9es, les sp\u00e9cificit\u00e9s de l&rsquo;architecture de terre ont \u00e9t\u00e9 \u00e9tudi\u00e9es et ses avantages et qualit\u00e9s ont \u00e9t\u00e9 reconnues.<\/p>\n<p>Le but du programme est de mettre au point des m\u00e9thodes et des techniques pour am\u00e9liorer la conservation et la gestion des diff\u00e9rents types d&rsquo;architecture de terre.<\/p>\n<h3>D\u00e9marche<\/h3>\n<p>Une s\u00e9rie de projets pilotes serviront de base pour le d\u00e9veloppement de projets de formation et autres activit\u00e9s allant dans le sens de la diffusion \u00e0 l&rsquo;\u00e9chelle mondiale des meilleures pratiques identifi\u00e9es. Des solutions seront \u00e9labor\u00e9es pour permettre la conservation des valeurs du patrimoine, mais aussi dans l&rsquo;optique d&rsquo;une am\u00e9lioration des conditions de vie des populations.<\/p>\n<p>La mise en \u0153uvre effective du programme se fera en phase : La phase 1, phase pr\u00e9paratoire (2007-2008) La phase 2 (2009-2011) sera ax\u00e9e sur l&rsquo;Afrique et les Etats arabes, la phase 3 (2012-2014) sera ax\u00e9e sur l&rsquo;Am\u00e9rique latine et l&rsquo;Asie centrale et la phase 4 (2015-2017) sera ax\u00e9e sur l&rsquo;Europe et l&rsquo;Asie.<\/p>\n<h3>Projects<\/h3>\n<\/div><\/div><\/div><\/div><\/div><div class=\"fusion-fullwidth fullwidth-box fusion-builder-row-2 fusion-flex-container has-pattern-background has-mask-background nonhundred-percent-fullwidth non-hundred-percent-height-scrolling\" style=\"--awb-border-radius-top-left:0px;--awb-border-radius-top-right:0px;--awb-border-radius-bottom-right:0px;--awb-border-radius-bottom-left:0px;--awb-flex-wrap:wrap;\" ><div class=\"fusion-builder-row fusion-row fusion-flex-align-items-flex-start fusion-flex-content-wrap\" style=\"max-width:1331.2px;margin-left: calc(-4% \/ 2 );margin-right: calc(-4% \/ 2 );\"><div class=\"fusion-layout-column fusion_builder_column fusion-builder-column-1 fusion_builder_column_1_1 1_1 fusion-flex-column\" style=\"--awb-bg-size:cover;--awb-width-large:100%;--awb-margin-top-large:16px;--awb-spacing-right-large:1.92%;--awb-margin-bottom-large:16px;--awb-spacing-left-large:1.92%;--awb-width-medium:100%;--awb-order-medium:0;--awb-spacing-right-medium:1.92%;--awb-spacing-left-medium:1.92%;--awb-width-small:100%;--awb-order-small:0;--awb-spacing-right-small:1.92%;--awb-spacing-left-small:1.92%;\"><div class=\"fusion-column-wrapper fusion-column-has-shadow fusion-flex-justify-content-flex-start fusion-content-layout-column\"><\/div><\/div><\/div><\/div><\/p>","protected":false},"excerpt":{"rendered":"","protected":false},"author":1,"featured_media":0,"parent":0,"menu_order":0,"comment_status":"closed","ping_status":"closed","template":"","meta":{"footnotes":""},"yoast_head":"<!-- This site is optimized with the Yoast SEO plugin v21.2 - https:\/\/yoast.com\/wordpress\/plugins\/seo\/ -->\n<title>Patrimoine Mondial en terre - CRAterre<\/title>\n<meta name=\"robots\" content=\"index, follow, max-snippet:-1, max-image-preview:large, max-video-preview:-1\" \/>\n<link rel=\"canonical\" href=\"https:\/\/craterre.org\/en\/patrimoine-mondial-en-terre\/\" \/>\n<meta property=\"og:locale\" content=\"en_US\" \/>\n<meta property=\"og:type\" content=\"article\" \/>\n<meta property=\"og:title\" content=\"Patrimoine Mondial en terre - CRAterre\" \/>\n<meta property=\"og:url\" content=\"https:\/\/craterre.org\/en\/patrimoine-mondial-en-terre\/\" \/>\n<meta property=\"og:site_name\" content=\"CRAterre\" \/>\n<meta property=\"article:publisher\" content=\"https:\/\/www.facebook.com\/centrecraterre\" \/>\n<meta property=\"article:modified_time\" content=\"2024-03-22T15:18:01+00:00\" \/>\n<meta name=\"twitter:card\" content=\"summary_large_image\" \/>\n<meta name=\"twitter:label1\" content=\"Est. reading time\" \/>\n\t<meta name=\"twitter:data1\" content=\"4 minutes\" \/>\n<script type=\"application\/ld+json\" class=\"yoast-schema-graph\">{\"@context\":\"https:\/\/schema.org\",\"@graph\":[{\"@type\":\"WebPage\",\"@id\":\"https:\/\/craterre.org\/patrimoine-mondial-en-terre\/\",\"url\":\"https:\/\/craterre.org\/patrimoine-mondial-en-terre\/\",\"name\":\"Patrimoine Mondial en terre - CRAterre\",\"isPartOf\":{\"@id\":\"https:\/\/craterre.org\/#website\"},\"datePublished\":\"2023-11-10T12:33:31+00:00\",\"dateModified\":\"2024-03-22T15:18:01+00:00\",\"inLanguage\":\"en-US\",\"potentialAction\":[{\"@type\":\"ReadAction\",\"target\":[\"https:\/\/craterre.org\/patrimoine-mondial-en-terre\/\"]}]},{\"@type\":\"WebSite\",\"@id\":\"https:\/\/craterre.org\/#website\",\"url\":\"https:\/\/craterre.org\/\",\"name\":\"CRAterre\",\"description\":\"\",\"publisher\":{\"@id\":\"https:\/\/craterre.org\/#organization\"},\"potentialAction\":[{\"@type\":\"SearchAction\",\"target\":{\"@type\":\"EntryPoint\",\"urlTemplate\":\"https:\/\/craterre.org\/?s={search_term_string}\"},\"query-input\":\"required name=search_term_string\"}],\"inLanguage\":\"en-US\"},{\"@type\":\"Organization\",\"@id\":\"https:\/\/craterre.org\/#organization\",\"name\":\"CRAterre\",\"url\":\"https:\/\/craterre.org\/\",\"logo\":{\"@type\":\"ImageObject\",\"inLanguage\":\"en-US\",\"@id\":\"https:\/\/craterre.org\/#\/schema\/logo\/image\/\",\"url\":\"https:\/\/craterre.org\/wp-content\/uploads\/2024\/04\/CRAterre-logo-indiv.png\",\"contentUrl\":\"https:\/\/craterre.org\/wp-content\/uploads\/2024\/04\/CRAterre-logo-indiv.png\",\"width\":1618,\"height\":661,\"caption\":\"CRAterre\"},\"image\":{\"@id\":\"https:\/\/craterre.org\/#\/schema\/logo\/image\/\"},\"sameAs\":[\"https:\/\/www.facebook.com\/centrecraterre\"]}]}<\/script>\n<!-- \/ Yoast SEO plugin. -->","yoast_head_json":{"title":"Patrimoine Mondial en terre - CRAterre","robots":{"index":"index","follow":"follow","max-snippet":"max-snippet:-1","max-image-preview":"max-image-preview:large","max-video-preview":"max-video-preview:-1"},"canonical":"https:\/\/craterre.org\/en\/patrimoine-mondial-en-terre\/","og_locale":"en_US","og_type":"article","og_title":"Patrimoine Mondial en terre - CRAterre","og_url":"https:\/\/craterre.org\/en\/patrimoine-mondial-en-terre\/","og_site_name":"CRAterre","article_publisher":"https:\/\/www.facebook.com\/centrecraterre","article_modified_time":"2024-03-22T15:18:01+00:00","twitter_card":"summary_large_image","twitter_misc":{"Est. reading time":"4 minutes"},"schema":{"@context":"https:\/\/schema.org","@graph":[{"@type":"WebPage","@id":"https:\/\/craterre.org\/patrimoine-mondial-en-terre\/","url":"https:\/\/craterre.org\/patrimoine-mondial-en-terre\/","name":"Patrimoine Mondial en terre - CRAterre","isPartOf":{"@id":"https:\/\/craterre.org\/#website"},"datePublished":"2023-11-10T12:33:31+00:00","dateModified":"2024-03-22T15:18:01+00:00","inLanguage":"en-US","potentialAction":[{"@type":"ReadAction","target":["https:\/\/craterre.org\/patrimoine-mondial-en-terre\/"]}]},{"@type":"WebSite","@id":"https:\/\/craterre.org\/#website","url":"https:\/\/craterre.org\/","name":"\u200eCRAterre","description":"","publisher":{"@id":"https:\/\/craterre.org\/#organization"},"potentialAction":[{"@type":"SearchAction","target":{"@type":"EntryPoint","urlTemplate":"https:\/\/craterre.org\/?s={search_term_string}"},"query-input":"required name=search_term_string"}],"inLanguage":"en-US"},{"@type":"Organization","@id":"https:\/\/craterre.org\/#organization","name":"\u200eCRAterre","url":"https:\/\/craterre.org\/","logo":{"@type":"ImageObject","inLanguage":"en-US","@id":"https:\/\/craterre.org\/#\/schema\/logo\/image\/","url":"https:\/\/craterre.org\/wp-content\/uploads\/2024\/04\/CRAterre-logo-indiv.png","contentUrl":"https:\/\/craterre.org\/wp-content\/uploads\/2024\/04\/CRAterre-logo-indiv.png","width":1618,"height":661,"caption":"CRAterre"},"image":{"@id":"https:\/\/craterre.org\/#\/schema\/logo\/image\/"},"sameAs":["https:\/\/www.facebook.com\/centrecraterre"]}]}},"_links":{"self":[{"href":"https:\/\/craterre.org\/en\/wp-json\/wp\/v2\/pages\/2491"}],"collection":[{"href":"https:\/\/craterre.org\/en\/wp-json\/wp\/v2\/pages"}],"about":[{"href":"https:\/\/craterre.org\/en\/wp-json\/wp\/v2\/types\/page"}],"author":[{"embeddable":true,"href":"https:\/\/craterre.org\/en\/wp-json\/wp\/v2\/users\/1"}],"replies":[{"embeddable":true,"href":"https:\/\/craterre.org\/en\/wp-json\/wp\/v2\/comments?post=2491"}],"version-history":[{"count":5,"href":"https:\/\/craterre.org\/en\/wp-json\/wp\/v2\/pages\/2491\/revisions"}],"predecessor-version":[{"id":2501,"href":"https:\/\/craterre.org\/en\/wp-json\/wp\/v2\/pages\/2491\/revisions\/2501"}],"wp:attachment":[{"href":"https:\/\/craterre.org\/en\/wp-json\/wp\/v2\/media?parent=2491"}],"curies":[{"name":"wp","href":"https:\/\/api.w.org\/{rel}","templated":true}]}}